{"id":2288,"date":"2025-07-16T08:57:11","date_gmt":"2025-07-16T12:57:11","guid":{"rendered":"https:\/\/ppgenfermagem.ufms.br\/?page_id=2288"},"modified":"2026-01-16T10:30:36","modified_gmt":"2026-01-16T14:30:36","slug":"calendario-academico-2","status":"publish","type":"page","link":"https:\/\/ppgenfermagem.ufms.br\/en\/calendario-academico-2\/","title":{"rendered":"(Portugu\u00eas do Brasil) Calend\u00e1rio Acad\u00eamico"},"content":{"rendered":"<p class=\"qtranxs-available-languages-message qtranxs-available-languages-message-en\">Sorry, this entry is only available in <a href=\"https:\/\/ppgenfermagem.ufms.br\/pb\/wp-json\/wp\/v2\/pages\/2288\" class=\"qtranxs-available-language-link qtranxs-available-language-link-pb\" title=\"Portugu\u00eas do Brasil\">Portugu\u00eas do Brasil<\/a>.<\/p>","protected":false},"excerpt":{"rendered":"<p>Sorry, this entry is only available in Portugu\u00eas do Brasil.<\/p>\n","protected":false},"author":45435,"featured_media":0,"parent":0,"menu_order":0,"comment_status":"closed","ping_status":"closed","template":"","meta":{"footnotes":""},"coauthors":[6],"class_list":["post-2288","page","type-page","status-publish","hentry"],"_links":{"self":[{"href":"https:\/\/ppgenfermagem.ufms.br\/en\/wp-json\/wp\/v2\/pages\/2288","targetHints":{"allow":["GET"]}}],"collection":[{"href":"https:\/\/ppgenfermagem.ufms.br\/en\/wp-json\/wp\/v2\/pages"}],"about":[{"href":"https:\/\/ppgenfermagem.ufms.br\/en\/wp-json\/wp\/v2\/types\/page"}],"author":[{"embeddable":true,"href":"https:\/\/ppgenfermagem.ufms.br\/en\/wp-json\/wp\/v2\/users\/45435"}],"replies":[{"embeddable":true,"href":"https:\/\/ppgenfermagem.ufms.br\/en\/wp-json\/wp\/v2\/comments?post=2288"}],"version-history":[{"count":2,"href":"https:\/\/ppgenfermagem.ufms.br\/en\/wp-json\/wp\/v2\/pages\/2288\/revisions"}],"predecessor-version":[{"id":2510,"href":"https:\/\/ppgenfermagem.ufms.br\/en\/wp-json\/wp\/v2\/pages\/2288\/revisions\/2510"}],"wp:attachment":[{"href":"https:\/\/ppgenfermagem.ufms.br\/en\/wp-json\/wp\/v2\/media?parent=2288"}],"wp:term":[{"taxonomy":"author","embeddable":true,"href":"https:\/\/ppgenfermagem.ufms.br\/en\/wp-json\/wp\/v2\/coauthors?post=2288"}],"curies":[{"name":"wp","href":"https:\/\/api.w.org\/{rel}","templated":true}]}}