{"id":666,"date":"2023-05-17T11:01:46","date_gmt":"2023-05-17T15:01:46","guid":{"rendered":"https:\/\/ppgenfermagem.ufms.br\/?page_id=666"},"modified":"2024-05-28T09:55:20","modified_gmt":"2024-05-28T13:55:20","slug":"dissertacoes","status":"publish","type":"page","link":"https:\/\/ppgenfermagem.ufms.br\/en\/dissertacoes\/","title":{"rendered":"(Portugu\u00eas do Brasil) Disserta\u00e7\u00f5es"},"content":{"rendered":"<p class=\"qtranxs-available-languages-message qtranxs-available-languages-message-en\">Sorry, this entry is only available in <a href=\"https:\/\/ppgenfermagem.ufms.br\/pb\/wp-json\/wp\/v2\/pages\/666\" class=\"qtranxs-available-language-link qtranxs-available-language-link-pb\" title=\"Portugu\u00eas do Brasil\">Portugu\u00eas do Brasil<\/a>.<\/p>","protected":false},"excerpt":{"rendered":"<p>Sorry, this entry is only available in Portugu\u00eas do Brasil.<\/p>\n","protected":false},"author":45435,"featured_media":0,"parent":0,"menu_order":0,"comment_status":"closed","ping_status":"closed","template":"","meta":{"footnotes":""},"coauthors":[],"class_list":["post-666","page","type-page","status-publish","hentry"],"_links":{"self":[{"href":"https:\/\/ppgenfermagem.ufms.br\/en\/wp-json\/wp\/v2\/pages\/666","targetHints":{"allow":["GET"]}}],"collection":[{"href":"https:\/\/ppgenfermagem.ufms.br\/en\/wp-json\/wp\/v2\/pages"}],"about":[{"href":"https:\/\/ppgenfermagem.ufms.br\/en\/wp-json\/wp\/v2\/types\/page"}],"author":[{"embeddable":true,"href":"https:\/\/ppgenfermagem.ufms.br\/en\/wp-json\/wp\/v2\/users\/45435"}],"replies":[{"embeddable":true,"href":"https:\/\/ppgenfermagem.ufms.br\/en\/wp-json\/wp\/v2\/comments?post=666"}],"version-history":[{"count":16,"href":"https:\/\/ppgenfermagem.ufms.br\/en\/wp-json\/wp\/v2\/pages\/666\/revisions"}],"predecessor-version":[{"id":1479,"href":"https:\/\/ppgenfermagem.ufms.br\/en\/wp-json\/wp\/v2\/pages\/666\/revisions\/1479"}],"wp:attachment":[{"href":"https:\/\/ppgenfermagem.ufms.br\/en\/wp-json\/wp\/v2\/media?parent=666"}],"wp:term":[{"taxonomy":"author","embeddable":true,"href":"https:\/\/ppgenfermagem.ufms.br\/en\/wp-json\/wp\/v2\/coauthors?post=666"}],"curies":[{"name":"wp","href":"https:\/\/api.w.org\/{rel}","templated":true}]}}