{"id":672,"date":"2023-05-17T11:03:38","date_gmt":"2023-05-17T15:03:38","guid":{"rendered":"https:\/\/ppgenfermagem.ufms.br\/?page_id=672"},"modified":"2023-06-28T17:04:38","modified_gmt":"2023-06-28T21:04:38","slug":"area-de-concentracao","status":"publish","type":"page","link":"https:\/\/ppgenfermagem.ufms.br\/en\/area-de-concentracao\/","title":{"rendered":"(Portugu\u00eas do Brasil) \u00c1rea de concentra\u00e7\u00e3o"},"content":{"rendered":"<p class=\"qtranxs-available-languages-message qtranxs-available-languages-message-en\">Sorry, this entry is only available in <a href=\"https:\/\/ppgenfermagem.ufms.br\/pb\/wp-json\/wp\/v2\/pages\/672\" class=\"qtranxs-available-language-link qtranxs-available-language-link-pb\" title=\"Portugu\u00eas do Brasil\">Portugu\u00eas do Brasil<\/a>.<\/p>","protected":false},"excerpt":{"rendered":"<p>Sorry, this entry is only available in Portugu\u00eas do Brasil.<\/p>\n","protected":false},"author":45435,"featured_media":0,"parent":0,"menu_order":0,"comment_status":"closed","ping_status":"closed","template":"","meta":{"footnotes":""},"coauthors":[],"class_list":["post-672","page","type-page","status-publish","hentry"],"_links":{"self":[{"href":"https:\/\/ppgenfermagem.ufms.br\/en\/wp-json\/wp\/v2\/pages\/672","targetHints":{"allow":["GET"]}}],"collection":[{"href":"https:\/\/ppgenfermagem.ufms.br\/en\/wp-json\/wp\/v2\/pages"}],"about":[{"href":"https:\/\/ppgenfermagem.ufms.br\/en\/wp-json\/wp\/v2\/types\/page"}],"author":[{"embeddable":true,"href":"https:\/\/ppgenfermagem.ufms.br\/en\/wp-json\/wp\/v2\/users\/45435"}],"replies":[{"embeddable":true,"href":"https:\/\/ppgenfermagem.ufms.br\/en\/wp-json\/wp\/v2\/comments?post=672"}],"version-history":[{"count":3,"href":"https:\/\/ppgenfermagem.ufms.br\/en\/wp-json\/wp\/v2\/pages\/672\/revisions"}],"predecessor-version":[{"id":797,"href":"https:\/\/ppgenfermagem.ufms.br\/en\/wp-json\/wp\/v2\/pages\/672\/revisions\/797"}],"wp:attachment":[{"href":"https:\/\/ppgenfermagem.ufms.br\/en\/wp-json\/wp\/v2\/media?parent=672"}],"wp:term":[{"taxonomy":"author","embeddable":true,"href":"https:\/\/ppgenfermagem.ufms.br\/en\/wp-json\/wp\/v2\/coauthors?post=672"}],"curies":[{"name":"wp","href":"https:\/\/api.w.org\/{rel}","templated":true}]}}