{"id":979,"date":"2023-07-13T14:32:35","date_gmt":"2023-07-13T18:32:35","guid":{"rendered":"https:\/\/ppgenfermagem.ufms.br\/?page_id=979"},"modified":"2024-05-27T16:43:40","modified_gmt":"2024-05-27T20:43:40","slug":"exame-de-qualificacao-e-defesa-de-dissertacao","status":"publish","type":"page","link":"https:\/\/ppgenfermagem.ufms.br\/en\/exame-de-qualificacao-e-defesa-de-dissertacao\/","title":{"rendered":"(Portugu\u00eas do Brasil) Exame de Qualifica\u00e7\u00e3o e Defesa de Disserta\u00e7\u00e3o &#8211; Orienta\u00e7\u00f5es"},"content":{"rendered":"<p class=\"qtranxs-available-languages-message qtranxs-available-languages-message-en\">Sorry, this entry is only available in <a href=\"https:\/\/ppgenfermagem.ufms.br\/pb\/wp-json\/wp\/v2\/pages\/979\" class=\"qtranxs-available-language-link qtranxs-available-language-link-pb\" title=\"Portugu\u00eas do Brasil\">Portugu\u00eas do Brasil<\/a>.<\/p>","protected":false},"excerpt":{"rendered":"<p>Sorry, this entry is only available in Portugu\u00eas do Brasil.<\/p>\n","protected":false},"author":45435,"featured_media":0,"parent":0,"menu_order":0,"comment_status":"closed","ping_status":"closed","template":"","meta":{"footnotes":""},"coauthors":[],"class_list":["post-979","page","type-page","status-publish","hentry"],"_links":{"self":[{"href":"https:\/\/ppgenfermagem.ufms.br\/en\/wp-json\/wp\/v2\/pages\/979","targetHints":{"allow":["GET"]}}],"collection":[{"href":"https:\/\/ppgenfermagem.ufms.br\/en\/wp-json\/wp\/v2\/pages"}],"about":[{"href":"https:\/\/ppgenfermagem.ufms.br\/en\/wp-json\/wp\/v2\/types\/page"}],"author":[{"embeddable":true,"href":"https:\/\/ppgenfermagem.ufms.br\/en\/wp-json\/wp\/v2\/users\/45435"}],"replies":[{"embeddable":true,"href":"https:\/\/ppgenfermagem.ufms.br\/en\/wp-json\/wp\/v2\/comments?post=979"}],"version-history":[{"count":13,"href":"https:\/\/ppgenfermagem.ufms.br\/en\/wp-json\/wp\/v2\/pages\/979\/revisions"}],"predecessor-version":[{"id":1451,"href":"https:\/\/ppgenfermagem.ufms.br\/en\/wp-json\/wp\/v2\/pages\/979\/revisions\/1451"}],"wp:attachment":[{"href":"https:\/\/ppgenfermagem.ufms.br\/en\/wp-json\/wp\/v2\/media?parent=979"}],"wp:term":[{"taxonomy":"author","embeddable":true,"href":"https:\/\/ppgenfermagem.ufms.br\/en\/wp-json\/wp\/v2\/coauthors?post=979"}],"curies":[{"name":"wp","href":"https:\/\/api.w.org\/{rel}","templated":true}]}}